{"id":146,"date":"2025-10-09T17:22:05","date_gmt":"2025-10-09T20:22:05","guid":{"rendered":"https:\/\/baleeirorodriguessales.com.br\/?page_id=146"},"modified":"2026-01-26T09:21:53","modified_gmt":"2026-01-26T12:21:53","slug":"contato","status":"publish","type":"page","link":"https:\/\/baleeirorodriguessales.com.br\/?page_id=146","title":{"rendered":"Contato"},"content":{"rendered":"\t\t<div data-elementor-type=\"wp-page\" data-elementor-id=\"146\" class=\"elementor elementor-146\" data-elementor-post-type=\"page\">\n\t\t\t\t\t\t<section class=\"elementor-section elementor-top-section elementor-element elementor-element-787edfa2 elementor-section-full_width elementor-section-height-default elementor-section-height-default\" data-id=\"787edfa2\" data-element_type=\"section\" data-settings=\"{&quot;background_background&quot;:&quot;classic&quot;}\">\n\t\t\t\t\t\t\t<div class=\"elementor-background-overlay\"><\/div>\n\t\t\t\t\t\t\t<div class=\"elementor-container elementor-column-gap-default\">\n\t\t\t\t\t<div class=\"elementor-column elementor-col-50 elementor-top-column elementor-element elementor-element-7bef2cd0\" data-id=\"7bef2cd0\" data-element_type=\"column\">\n\t\t\t<div class=\"elementor-widget-wrap elementor-element-populated\">\n\t\t\t\t\t\t<div class=\"elementor-element elementor-element-687cac3e elementor-widget elementor-widget-heading\" data-id=\"687cac3e\" data-element_type=\"widget\" data-widget_type=\"heading.default\">\n\t\t\t\t<div class=\"elementor-widget-container\">\n\t\t\t\t\t<p class=\"elementor-heading-title elementor-size-default\">Baleeiro e Rodrigues Advocacia<\/p>\t\t\t\t<\/div>\n\t\t\t\t<\/div>\n\t\t\t\t<div class=\"elementor-element elementor-element-382c6209 elementor-widget elementor-widget-heading\" data-id=\"382c6209\" data-element_type=\"widget\" data-widget_type=\"heading.default\">\n\t\t\t\t<div class=\"elementor-widget-container\">\n\t\t\t\t\t<h1 class=\"elementor-heading-title elementor-size-default\">Contato<\/h1>\t\t\t\t<\/div>\n\t\t\t\t<\/div>\n\t\t\t\t\t<\/div>\n\t\t<\/div>\n\t\t\t\t<div class=\"elementor-column elementor-col-50 elementor-top-column elementor-element elementor-element-4e911847\" data-id=\"4e911847\" data-element_type=\"column\">\n\t\t\t<div class=\"elementor-widget-wrap elementor-element-populated\">\n\t\t\t\t\t\t<section class=\"elementor-section elementor-inner-section elementor-element elementor-element-6d9566c3 elementor-section-boxed elementor-section-height-default elementor-section-height-default\" data-id=\"6d9566c3\" data-element_type=\"section\">\n\t\t\t\t\t\t<div class=\"elementor-container elementor-column-gap-default\">\n\t\t\t\t\t<div class=\"elementor-column elementor-col-33 elementor-inner-column elementor-element elementor-element-21a5a918\" data-id=\"21a5a918\" data-element_type=\"column\">\n\t\t\t<div class=\"elementor-widget-wrap elementor-element-populated\">\n\t\t\t\t\t\t<div class=\"elementor-element elementor-element-51b6f12e elementor-widget elementor-widget-heading\" data-id=\"51b6f12e\" data-element_type=\"widget\" data-widget_type=\"heading.default\">\n\t\t\t\t<div class=\"elementor-widget-container\">\n\t\t\t\t\t<p class=\"elementor-heading-title elementor-size-default\"><a href=\"https:\/\/surielementor.com\/indrokit\/template-kit\/home-1\/\">In\u00edcio<\/a><\/p>\t\t\t\t<\/div>\n\t\t\t\t<\/div>\n\t\t\t\t\t<\/div>\n\t\t<\/div>\n\t\t\t\t<div class=\"elementor-column elementor-col-33 elementor-inner-column elementor-element elementor-element-4fc79e79\" data-id=\"4fc79e79\" data-element_type=\"column\">\n\t\t\t<div class=\"elementor-widget-wrap elementor-element-populated\">\n\t\t\t\t\t\t<div class=\"elementor-element elementor-element-2d24abc8 elementor-view-default elementor-widget elementor-widget-icon\" data-id=\"2d24abc8\" data-element_type=\"widget\" data-widget_type=\"icon.default\">\n\t\t\t\t<div class=\"elementor-widget-container\">\n\t\t\t\t\t\t\t<div class=\"elementor-icon-wrapper\">\n\t\t\t<div class=\"elementor-icon\">\n\t\t\t<svg aria-hidden=\"true\" class=\"e-font-icon-svg e-fas-chevron-right\" viewBox=\"0 0 320 512\" xmlns=\"http:\/\/www.w3.org\/2000\/svg\"><path d=\"M285.476 272.971L91.132 467.314c-9.373 9.373-24.569 9.373-33.941 0l-22.667-22.667c-9.357-9.357-9.375-24.522-.04-33.901L188.505 256 34.484 101.255c-9.335-9.379-9.317-24.544.04-33.901l22.667-22.667c9.373-9.373 24.569-9.373 33.941 0L285.475 239.03c9.373 9.372 9.373 24.568.001 33.941z\"><\/path><\/svg>\t\t\t<\/div>\n\t\t<\/div>\n\t\t\t\t\t\t<\/div>\n\t\t\t\t<\/div>\n\t\t\t\t\t<\/div>\n\t\t<\/div>\n\t\t\t\t<div class=\"elementor-column elementor-col-33 elementor-inner-column elementor-element elementor-element-54f43c4f\" data-id=\"54f43c4f\" data-element_type=\"column\">\n\t\t\t<div class=\"elementor-widget-wrap elementor-element-populated\">\n\t\t\t\t\t\t<div class=\"elementor-element elementor-element-112c767d elementor-widget elementor-widget-heading\" data-id=\"112c767d\" data-element_type=\"widget\" data-widget_type=\"heading.default\">\n\t\t\t\t<div class=\"elementor-widget-container\">\n\t\t\t\t\t<p class=\"elementor-heading-title elementor-size-default\"><a href=\"#\">Contato<\/a><\/p>\t\t\t\t<\/div>\n\t\t\t\t<\/div>\n\t\t\t\t\t<\/div>\n\t\t<\/div>\n\t\t\t\t\t<\/div>\n\t\t<\/section>\n\t\t\t\t\t<\/div>\n\t\t<\/div>\n\t\t\t\t\t<\/div>\n\t\t<\/section>\n\t\t\t\t<section class=\"elementor-section elementor-top-section elementor-element elementor-element-2b689cef elementor-section-boxed elementor-section-height-default elementor-section-height-default\" data-id=\"2b689cef\" data-element_type=\"section\" data-settings=\"{&quot;background_background&quot;:&quot;classic&quot;}\">\n\t\t\t\t\t\t<div class=\"elementor-container elementor-column-gap-default\">\n\t\t\t\t\t<div class=\"elementor-column elementor-col-33 elementor-top-column elementor-element elementor-element-c6e0c54\" data-id=\"c6e0c54\" data-element_type=\"column\">\n\t\t\t<div class=\"elementor-widget-wrap elementor-element-populated\">\n\t\t\t\t\t\t<section class=\"elementor-section elementor-inner-section elementor-element elementor-element-3a251bd5 elementor-section-full_width elementor-section-height-default elementor-section-height-default\" data-id=\"3a251bd5\" data-element_type=\"section\">\n\t\t\t\t\t\t<div class=\"elementor-container elementor-column-gap-default\">\n\t\t\t\t\t<div class=\"elementor-column elementor-col-50 elementor-inner-column elementor-element elementor-element-3d0991c2\" data-id=\"3d0991c2\" data-element_type=\"column\">\n\t\t\t<div class=\"elementor-widget-wrap elementor-element-populated\">\n\t\t\t\t\t\t<div class=\"elementor-element elementor-element-b507fa6 elementor-view-stacked elementor-shape-circle elementor-widget elementor-widget-icon\" data-id=\"b507fa6\" data-element_type=\"widget\" data-widget_type=\"icon.default\">\n\t\t\t\t<div class=\"elementor-widget-container\">\n\t\t\t\t\t\t\t<div class=\"elementor-icon-wrapper\">\n\t\t\t<div class=\"elementor-icon\">\n\t\t\t<i aria-hidden=\"true\" class=\"icon icon-phone1\"><\/i>\t\t\t<\/div>\n\t\t<\/div>\n\t\t\t\t\t\t<\/div>\n\t\t\t\t<\/div>\n\t\t\t\t\t<\/div>\n\t\t<\/div>\n\t\t\t\t<div class=\"elementor-column elementor-col-50 elementor-inner-column elementor-element elementor-element-662225c3\" data-id=\"662225c3\" data-element_type=\"column\">\n\t\t\t<div class=\"elementor-widget-wrap elementor-element-populated\">\n\t\t\t\t\t\t<div class=\"elementor-element elementor-element-6f8fbcf1 elementor-widget elementor-widget-heading\" data-id=\"6f8fbcf1\" data-element_type=\"widget\" data-widget_type=\"heading.default\">\n\t\t\t\t<div class=\"elementor-widget-container\">\n\t\t\t\t\t<p class=\"elementor-heading-title elementor-size-default\">Telefone<\/p>\t\t\t\t<\/div>\n\t\t\t\t<\/div>\n\t\t\t\t<div class=\"elementor-element elementor-element-38e3cbbb elementor-widget elementor-widget-heading\" data-id=\"38e3cbbb\" data-element_type=\"widget\" data-widget_type=\"heading.default\">\n\t\t\t\t<div class=\"elementor-widget-container\">\n\t\t\t\t\t<p class=\"elementor-heading-title elementor-size-default\"><a href=\"https:\/\/api.whatsapp.com\/send\/?phone=5511984463273&#038;text&#038;type=phone_number&#038;app_absent=0\" target=\"_blank\">(11) 9 8446-3273<\/a><\/p>\t\t\t\t<\/div>\n\t\t\t\t<\/div>\n\t\t\t\t\t<\/div>\n\t\t<\/div>\n\t\t\t\t\t<\/div>\n\t\t<\/section>\n\t\t\t\t\t<\/div>\n\t\t<\/div>\n\t\t\t\t<div class=\"elementor-column elementor-col-33 elementor-top-column elementor-element elementor-element-8b5dec6\" data-id=\"8b5dec6\" data-element_type=\"column\">\n\t\t\t<div class=\"elementor-widget-wrap elementor-element-populated\">\n\t\t\t\t\t\t<section class=\"elementor-section elementor-inner-section elementor-element elementor-element-2f07c23 elementor-section-full_width elementor-section-height-default elementor-section-height-default\" data-id=\"2f07c23\" data-element_type=\"section\">\n\t\t\t\t\t\t<div class=\"elementor-container elementor-column-gap-default\">\n\t\t\t\t\t<div class=\"elementor-column elementor-col-50 elementor-inner-column elementor-element elementor-element-e7dfe52\" data-id=\"e7dfe52\" data-element_type=\"column\">\n\t\t\t<div class=\"elementor-widget-wrap elementor-element-populated\">\n\t\t\t\t\t\t<div class=\"elementor-element elementor-element-a409fcd elementor-view-stacked elementor-shape-circle elementor-widget elementor-widget-icon\" data-id=\"a409fcd\" data-element_type=\"widget\" data-widget_type=\"icon.default\">\n\t\t\t\t<div class=\"elementor-widget-container\">\n\t\t\t\t\t\t\t<div class=\"elementor-icon-wrapper\">\n\t\t\t<div class=\"elementor-icon\">\n\t\t\t<i aria-hidden=\"true\" class=\"icon icon-map-marker1\"><\/i>\t\t\t<\/div>\n\t\t<\/div>\n\t\t\t\t\t\t<\/div>\n\t\t\t\t<\/div>\n\t\t\t\t\t<\/div>\n\t\t<\/div>\n\t\t\t\t<div class=\"elementor-column elementor-col-50 elementor-inner-column elementor-element elementor-element-4f1b5a1\" data-id=\"4f1b5a1\" data-element_type=\"column\">\n\t\t\t<div class=\"elementor-widget-wrap elementor-element-populated\">\n\t\t\t\t\t\t<div class=\"elementor-element elementor-element-699ab30 elementor-widget elementor-widget-heading\" data-id=\"699ab30\" data-element_type=\"widget\" data-widget_type=\"heading.default\">\n\t\t\t\t<div class=\"elementor-widget-container\">\n\t\t\t\t\t<p class=\"elementor-heading-title elementor-size-default\">Localiza\u00e7\u00e3o<\/p>\t\t\t\t<\/div>\n\t\t\t\t<\/div>\n\t\t\t\t<div class=\"elementor-element elementor-element-c8337fd elementor-widget elementor-widget-heading\" data-id=\"c8337fd\" data-element_type=\"widget\" data-widget_type=\"heading.default\">\n\t\t\t\t<div class=\"elementor-widget-container\">\n\t\t\t\t\t<p class=\"elementor-heading-title elementor-size-default\">Av. Brig. Faria Lima, 2369 - andar 11 - conj 1102 - Jardim Paulistano, S\u00e3o Paulo - SP, 01452-922 <\/p>\t\t\t\t<\/div>\n\t\t\t\t<\/div>\n\t\t\t\t\t<\/div>\n\t\t<\/div>\n\t\t\t\t\t<\/div>\n\t\t<\/section>\n\t\t\t\t\t<\/div>\n\t\t<\/div>\n\t\t\t\t<div class=\"elementor-column elementor-col-33 elementor-top-column elementor-element elementor-element-1bdacd05\" data-id=\"1bdacd05\" data-element_type=\"column\">\n\t\t\t<div class=\"elementor-widget-wrap elementor-element-populated\">\n\t\t\t\t\t\t<section class=\"elementor-section elementor-inner-section elementor-element elementor-element-688dbd6a elementor-section-full_width elementor-section-height-default elementor-section-height-default\" data-id=\"688dbd6a\" data-element_type=\"section\">\n\t\t\t\t\t\t<div class=\"elementor-container elementor-column-gap-default\">\n\t\t\t\t\t<div class=\"elementor-column elementor-col-50 elementor-inner-column elementor-element elementor-element-111ad0e7\" data-id=\"111ad0e7\" data-element_type=\"column\">\n\t\t\t<div class=\"elementor-widget-wrap elementor-element-populated\">\n\t\t\t\t\t\t<div class=\"elementor-element elementor-element-8770166 elementor-view-stacked elementor-shape-circle elementor-widget elementor-widget-icon\" data-id=\"8770166\" data-element_type=\"widget\" data-widget_type=\"icon.default\">\n\t\t\t\t<div class=\"elementor-widget-container\">\n\t\t\t\t\t\t\t<div class=\"elementor-icon-wrapper\">\n\t\t\t<div class=\"elementor-icon\">\n\t\t\t<i aria-hidden=\"true\" class=\"icon icon-envelope2\"><\/i>\t\t\t<\/div>\n\t\t<\/div>\n\t\t\t\t\t\t<\/div>\n\t\t\t\t<\/div>\n\t\t\t\t\t<\/div>\n\t\t<\/div>\n\t\t\t\t<div class=\"elementor-column elementor-col-50 elementor-inner-column elementor-element elementor-element-3f59e6b9\" data-id=\"3f59e6b9\" data-element_type=\"column\">\n\t\t\t<div class=\"elementor-widget-wrap elementor-element-populated\">\n\t\t\t\t\t\t<div class=\"elementor-element elementor-element-5090b5f6 elementor-widget elementor-widget-heading\" data-id=\"5090b5f6\" data-element_type=\"widget\" data-widget_type=\"heading.default\">\n\t\t\t\t<div class=\"elementor-widget-container\">\n\t\t\t\t\t<p class=\"elementor-heading-title elementor-size-default\">E-mail<\/p>\t\t\t\t<\/div>\n\t\t\t\t<\/div>\n\t\t\t\t<div class=\"elementor-element elementor-element-47b6753e elementor-widget elementor-widget-heading\" data-id=\"47b6753e\" data-element_type=\"widget\" data-widget_type=\"heading.default\">\n\t\t\t\t<div class=\"elementor-widget-container\">\n\t\t\t\t\t<p class=\"elementor-heading-title elementor-size-default\">contato@baleeirorodriguessales.com.br<\/p>\t\t\t\t<\/div>\n\t\t\t\t<\/div>\n\t\t\t\t\t<\/div>\n\t\t<\/div>\n\t\t\t\t\t<\/div>\n\t\t<\/section>\n\t\t\t\t\t<\/div>\n\t\t<\/div>\n\t\t\t\t\t<\/div>\n\t\t<\/section>\n\t\t\t\t<section class=\"elementor-section elementor-top-section elementor-element elementor-element-7f5b295c elementor-section-full_width elementor-section-height-default elementor-section-height-default\" data-id=\"7f5b295c\" data-element_type=\"section\">\n\t\t\t\t\t\t<div class=\"elementor-container elementor-column-gap-default\">\n\t\t\t\t\t<div class=\"elementor-column elementor-col-100 elementor-top-column elementor-element elementor-element-554e5752\" data-id=\"554e5752\" data-element_type=\"column\">\n\t\t\t<div class=\"elementor-widget-wrap elementor-element-populated\">\n\t\t\t\t\t\t<div class=\"elementor-element elementor-element-48445b39 elementor-widget elementor-widget-google_maps\" data-id=\"48445b39\" data-element_type=\"widget\" data-widget_type=\"google_maps.default\">\n\t\t\t\t<div class=\"elementor-widget-container\">\n\t\t\t\t\t\t\t<div class=\"elementor-custom-embed\">\n\t\t\t<iframe loading=\"lazy\"\n\t\t\t\t\tsrc=\"https:\/\/maps.google.com\/maps?q=Av.%20Brig.%20Faria%20Lima%2C%202369%20-%20andar%2011%20-%20conj%201102%20-%20Jardim%20Paulistano%2C%20S%C3%A3o%20Paulo%20-%20SP%2C%2001452-922%20&#038;t=m&#038;z=17&#038;output=embed&#038;iwloc=near\"\n\t\t\t\t\ttitle=\"Av. Brig. Faria Lima, 2369 - andar 11 - conj 1102 - Jardim Paulistano, S\u00e3o Paulo - SP, 01452-922 \"\n\t\t\t\t\taria-label=\"Av. Brig. Faria Lima, 2369 - andar 11 - conj 1102 - Jardim Paulistano, S\u00e3o Paulo - SP, 01452-922 \"\n\t\t\t><\/iframe>\n\t\t<\/div>\n\t\t\t\t\t\t<\/div>\n\t\t\t\t<\/div>\n\t\t\t\t\t<\/div>\n\t\t<\/div>\n\t\t\t\t\t<\/div>\n\t\t<\/section>\n\t\t\t\t<\/div>\n\t\t","protected":false},"excerpt":{"rendered":"<p>Baleeiro e Rodrigues Advocacia Contato In\u00edcio Contato Telefone (11) 9 8446-3273 Localiza\u00e7\u00e3o Av. Brig. Faria Lima, 2369 &#8211; andar 11 &#8211; conj 1102 &#8211; Jardim Paulistano, S\u00e3o Paulo &#8211; SP, 01452-922 E-mail contato@baleeirorodriguessales.com.br<\/p>\n","protected":false},"author":1,"featured_media":0,"parent":0,"menu_order":0,"comment_status":"closed","ping_status":"closed","template":"elementor_header_footer","meta":{"footnotes":""},"class_list":["post-146","page","type-page","status-publish","hentry"],"yoast_head":"<!-- This site is optimized with the Yoast SEO plugin v26.1.1 - https:\/\/yoast.com\/wordpress\/plugins\/seo\/ -->\n<title>Contato - Baleeiro Rodrigues<\/title>\n<meta name=\"robots\" content=\"index, follow, max-snippet:-1, max-image-preview:large, max-video-preview:-1\" \/>\n<link rel=\"canonical\" href=\"https:\/\/baleeirorodriguessales.com.br\/?page_id=146\" \/>\n<meta property=\"og:locale\" content=\"en_US\" \/>\n<meta property=\"og:type\" content=\"article\" \/>\n<meta property=\"og:title\" content=\"Contato - Baleeiro Rodrigues\" \/>\n<meta property=\"og:description\" content=\"Baleeiro e Rodrigues Advocacia Contato In\u00edcio Contato Telefone (11) 9 8446-3273 Localiza\u00e7\u00e3o Av. Brig. Faria Lima, 2369 &#8211; andar 11 &#8211; conj 1102 &#8211; Jardim Paulistano, S\u00e3o Paulo &#8211; SP, 01452-922 E-mail contato@baleeirorodriguessales.com.br\" \/>\n<meta property=\"og:url\" content=\"https:\/\/baleeirorodriguessales.com.br\/?page_id=146\" \/>\n<meta property=\"og:site_name\" content=\"Baleeiro Rodrigues\" \/>\n<meta property=\"article:modified_time\" content=\"2026-01-26T12:21:53+00:00\" \/>\n<meta name=\"twitter:card\" content=\"summary_large_image\" \/>\n<meta name=\"twitter:label1\" content=\"Est. reading time\" \/>\n\t<meta name=\"twitter:data1\" content=\"1 minute\" \/>\n<script type=\"application\/ld+json\" class=\"yoast-schema-graph\">{\"@context\":\"https:\/\/schema.org\",\"@graph\":[{\"@type\":\"WebPage\",\"@id\":\"https:\/\/baleeirorodriguessales.com.br\/?page_id=146\",\"url\":\"https:\/\/baleeirorodriguessales.com.br\/?page_id=146\",\"name\":\"Contato - Baleeiro Rodrigues\",\"isPartOf\":{\"@id\":\"https:\/\/baleeirorodriguessales.com.br\/#website\"},\"datePublished\":\"2025-10-09T20:22:05+00:00\",\"dateModified\":\"2026-01-26T12:21:53+00:00\",\"breadcrumb\":{\"@id\":\"https:\/\/baleeirorodriguessales.com.br\/?page_id=146#breadcrumb\"},\"inLanguage\":\"en-US\",\"potentialAction\":[{\"@type\":\"ReadAction\",\"target\":[\"https:\/\/baleeirorodriguessales.com.br\/?page_id=146\"]}]},{\"@type\":\"BreadcrumbList\",\"@id\":\"https:\/\/baleeirorodriguessales.com.br\/?page_id=146#breadcrumb\",\"itemListElement\":[{\"@type\":\"ListItem\",\"position\":1,\"name\":\"Home\",\"item\":\"https:\/\/baleeirorodriguessales.com.br\/\"},{\"@type\":\"ListItem\",\"position\":2,\"name\":\"Contato\"}]},{\"@type\":\"WebSite\",\"@id\":\"https:\/\/baleeirorodriguessales.com.br\/#website\",\"url\":\"https:\/\/baleeirorodriguessales.com.br\/\",\"name\":\"Baleeiro Rodrigues\",\"description\":\"Advocacia\",\"publisher\":{\"@id\":\"https:\/\/baleeirorodriguessales.com.br\/#organization\"},\"potentialAction\":[{\"@type\":\"SearchAction\",\"target\":{\"@type\":\"EntryPoint\",\"urlTemplate\":\"https:\/\/baleeirorodriguessales.com.br\/?s={search_term_string}\"},\"query-input\":{\"@type\":\"PropertyValueSpecification\",\"valueRequired\":true,\"valueName\":\"search_term_string\"}}],\"inLanguage\":\"en-US\"},{\"@type\":\"Organization\",\"@id\":\"https:\/\/baleeirorodriguessales.com.br\/#organization\",\"name\":\"Baleeiro Rodrigues\",\"url\":\"https:\/\/baleeirorodriguessales.com.br\/\",\"logo\":{\"@type\":\"ImageObject\",\"inLanguage\":\"en-US\",\"@id\":\"https:\/\/baleeirorodriguessales.com.br\/#\/schema\/logo\/image\/\",\"url\":\"https:\/\/baleeirorodriguessales.com.br\/wp-content\/uploads\/2025\/11\/cropped-cropped-logo3-1.jpg\",\"contentUrl\":\"https:\/\/baleeirorodriguessales.com.br\/wp-content\/uploads\/2025\/11\/cropped-cropped-logo3-1.jpg\",\"width\":512,\"height\":512,\"caption\":\"Baleeiro Rodrigues\"},\"image\":{\"@id\":\"https:\/\/baleeirorodriguessales.com.br\/#\/schema\/logo\/image\/\"}}]}<\/script>\n<!-- \/ Yoast SEO plugin. -->","yoast_head_json":{"title":"Contato - Baleeiro Rodrigues","robots":{"index":"index","follow":"follow","max-snippet":"max-snippet:-1","max-image-preview":"max-image-preview:large","max-video-preview":"max-video-preview:-1"},"canonical":"https:\/\/baleeirorodriguessales.com.br\/?page_id=146","og_locale":"en_US","og_type":"article","og_title":"Contato - Baleeiro Rodrigues","og_description":"Baleeiro e Rodrigues Advocacia Contato In\u00edcio Contato Telefone (11) 9 8446-3273 Localiza\u00e7\u00e3o Av. Brig. Faria Lima, 2369 &#8211; andar 11 &#8211; conj 1102 &#8211; Jardim Paulistano, S\u00e3o Paulo &#8211; SP, 01452-922 E-mail contato@baleeirorodriguessales.com.br","og_url":"https:\/\/baleeirorodriguessales.com.br\/?page_id=146","og_site_name":"Baleeiro Rodrigues","article_modified_time":"2026-01-26T12:21:53+00:00","twitter_card":"summary_large_image","twitter_misc":{"Est. reading time":"1 minute"},"schema":{"@context":"https:\/\/schema.org","@graph":[{"@type":"WebPage","@id":"https:\/\/baleeirorodriguessales.com.br\/?page_id=146","url":"https:\/\/baleeirorodriguessales.com.br\/?page_id=146","name":"Contato - Baleeiro Rodrigues","isPartOf":{"@id":"https:\/\/baleeirorodriguessales.com.br\/#website"},"datePublished":"2025-10-09T20:22:05+00:00","dateModified":"2026-01-26T12:21:53+00:00","breadcrumb":{"@id":"https:\/\/baleeirorodriguessales.com.br\/?page_id=146#breadcrumb"},"inLanguage":"en-US","potentialAction":[{"@type":"ReadAction","target":["https:\/\/baleeirorodriguessales.com.br\/?page_id=146"]}]},{"@type":"BreadcrumbList","@id":"https:\/\/baleeirorodriguessales.com.br\/?page_id=146#breadcrumb","itemListElement":[{"@type":"ListItem","position":1,"name":"Home","item":"https:\/\/baleeirorodriguessales.com.br\/"},{"@type":"ListItem","position":2,"name":"Contato"}]},{"@type":"WebSite","@id":"https:\/\/baleeirorodriguessales.com.br\/#website","url":"https:\/\/baleeirorodriguessales.com.br\/","name":"Baleeiro Rodrigues","description":"Advocacia","publisher":{"@id":"https:\/\/baleeirorodriguessales.com.br\/#organization"},"potentialAction":[{"@type":"SearchAction","target":{"@type":"EntryPoint","urlTemplate":"https:\/\/baleeirorodriguessales.com.br\/?s={search_term_string}"},"query-input":{"@type":"PropertyValueSpecification","valueRequired":true,"valueName":"search_term_string"}}],"inLanguage":"en-US"},{"@type":"Organization","@id":"https:\/\/baleeirorodriguessales.com.br\/#organization","name":"Baleeiro Rodrigues","url":"https:\/\/baleeirorodriguessales.com.br\/","logo":{"@type":"ImageObject","inLanguage":"en-US","@id":"https:\/\/baleeirorodriguessales.com.br\/#\/schema\/logo\/image\/","url":"https:\/\/baleeirorodriguessales.com.br\/wp-content\/uploads\/2025\/11\/cropped-cropped-logo3-1.jpg","contentUrl":"https:\/\/baleeirorodriguessales.com.br\/wp-content\/uploads\/2025\/11\/cropped-cropped-logo3-1.jpg","width":512,"height":512,"caption":"Baleeiro Rodrigues"},"image":{"@id":"https:\/\/baleeirorodriguessales.com.br\/#\/schema\/logo\/image\/"}}]}},"_links":{"self":[{"href":"https:\/\/baleeirorodriguessales.com.br\/index.php?rest_route=\/wp\/v2\/pages\/146","targetHints":{"allow":["GET"]}}],"collection":[{"href":"https:\/\/baleeirorodriguessales.com.br\/index.php?rest_route=\/wp\/v2\/pages"}],"about":[{"href":"https:\/\/baleeirorodriguessales.com.br\/index.php?rest_route=\/wp\/v2\/types\/page"}],"author":[{"embeddable":true,"href":"https:\/\/baleeirorodriguessales.com.br\/index.php?rest_route=\/wp\/v2\/users\/1"}],"replies":[{"embeddable":true,"href":"https:\/\/baleeirorodriguessales.com.br\/index.php?rest_route=%2Fwp%2Fv2%2Fcomments&post=146"}],"version-history":[{"count":43,"href":"https:\/\/baleeirorodriguessales.com.br\/index.php?rest_route=\/wp\/v2\/pages\/146\/revisions"}],"predecessor-version":[{"id":892,"href":"https:\/\/baleeirorodriguessales.com.br\/index.php?rest_route=\/wp\/v2\/pages\/146\/revisions\/892"}],"wp:attachment":[{"href":"https:\/\/baleeirorodriguessales.com.br\/index.php?rest_route=%2Fwp%2Fv2%2Fmedia&parent=146"}],"curies":[{"name":"wp","href":"https:\/\/api.w.org\/{rel}","templated":true}]}}